{"id":552,"date":"2021-03-30T14:18:31","date_gmt":"2021-03-30T12:18:31","guid":{"rendered":"https:\/\/vredu.lfi.rwth-aachen.de\/?page_id=552"},"modified":"2024-08-14T15:00:46","modified_gmt":"2024-08-14T13:00:46","slug":"impressum","status":"publish","type":"page","link":"https:\/\/myscore.lfi.rwth-aachen.de\/de\/impressum\/","title":{"rendered":"Impressum"},"content":{"rendered":"\t\t<div data-elementor-type=\"wp-page\" data-elementor-id=\"552\" class=\"elementor elementor-552\" data-elementor-post-type=\"page\">\n\t\t\t\t\t\t<section class=\"elementor-section elementor-top-section elementor-element elementor-element-c8b8706 elementor-section-height-min-height elementor-section-boxed elementor-section-height-default elementor-section-items-middle\" data-id=\"c8b8706\" data-element_type=\"section\" data-settings=\"{&quot;background_background&quot;:&quot;classic&quot;}\">\n\t\t\t\t\t\t<div class=\"elementor-container elementor-column-gap-default\">\n\t\t\t\t\t<div class=\"elementor-column elementor-col-100 elementor-top-column elementor-element elementor-element-9474c8b\" data-id=\"9474c8b\" data-element_type=\"column\">\n\t\t\t<div class=\"elementor-widget-wrap elementor-element-populated\">\n\t\t\t\t\t\t<div class=\"elementor-element elementor-element-ade5a1e elementor-widget elementor-widget-heading\" data-id=\"ade5a1e\" data-element_type=\"widget\" data-widget_type=\"heading.default\">\n\t\t\t\t<div class=\"elementor-widget-container\">\n\t\t\t<h1 class=\"elementor-heading-title elementor-size-default\">Impressum<\/h1>\t\t<\/div>\n\t\t\t\t<\/div>\n\t\t\t\t\t<\/div>\n\t\t<\/div>\n\t\t\t\t\t<\/div>\n\t\t<\/section>\n\t\t\t\t<section class=\"elementor-section elementor-top-section elementor-element elementor-element-13bddfb elementor-section-boxed elementor-section-height-default elementor-section-height-default\" data-id=\"13bddfb\" data-element_type=\"section\">\n\t\t\t\t\t\t<div class=\"elementor-container elementor-column-gap-default\">\n\t\t\t\t\t<div class=\"elementor-column elementor-col-100 elementor-top-column elementor-element elementor-element-1796c53\" data-id=\"1796c53\" data-element_type=\"column\">\n\t\t\t<div class=\"elementor-widget-wrap elementor-element-populated\">\n\t\t\t\t\t\t<div class=\"elementor-element elementor-element-4768a86 elementor-widget elementor-widget-text-editor\" data-id=\"4768a86\" data-element_type=\"widget\" data-settings=\"{&quot;_animation&quot;:&quot;none&quot;,&quot;_animation_mobile&quot;:&quot;none&quot;,&quot;_animation_delay&quot;:200}\" data-widget_type=\"text-editor.default\">\n\t\t\t\t<div class=\"elementor-widget-container\">\n\t\t\t\t\t\t\t<div class=\"elementor-element elementor-element-263b0bd elementor-widget elementor-widget-heading\" data-id=\"263b0bd\" data-element_type=\"widget\" data-widget_type=\"heading.default\"><div class=\"elementor-widget-container\"><h2 class=\"elementor-heading-title elementor-size-default\">Herausgeber<\/h2><\/div><\/div><div class=\"elementor-element elementor-element-8c65a42 elementor-widget elementor-widget-text-editor\" data-id=\"8c65a42\" data-element_type=\"widget\" data-widget_type=\"text-editor.default\"><div class=\"elementor-widget-container\"><div class=\"elementor-text-editor elementor-clearfix\"><p>Lehr- und Forschungsgebiet Ingenieurhydrologie<br \/>RWTH Aachen University<\/p><p>Mies-van-der-Rohe-Stra\u00dfe 17<br \/>52074 Aachen (Hausanschrift)<\/p><p>Telefon:\u00a0<a href=\"http:\/\/tel:%20+49%20241%2080%2025279\/\">+49 241 80 25279<\/a><br \/>Telefax: +49 241 80 22701<br \/>E-Mail:\u00a0<a href=\"mailto:it@rwth-aachen.de\">it@rwth-aachen.de<\/a><\/p><p>Das Lehr- und Forschungsgebiet Ingenieurhydrologie ist eine K\u00f6rperschaft des \u00f6ffentlichen Rechts.<\/p><\/div><\/div><\/div><div class=\"elementor-element elementor-element-27745ef elementor-widget elementor-widget-heading\" data-id=\"27745ef\" data-element_type=\"widget\" data-widget_type=\"heading.default\"><div class=\"elementor-widget-container\"><h2 class=\"elementor-heading-title elementor-size-default\">Zust\u00e4ndige Aufsichtsbeh\u00f6rde<\/h2><\/div><\/div><div class=\"elementor-element elementor-element-171bdfc elementor-widget elementor-widget-text-editor\" data-id=\"171bdfc\" data-element_type=\"widget\" data-widget_type=\"text-editor.default\"><div class=\"elementor-widget-container\"><div class=\"elementor-text-editor elementor-clearfix\"><p>Ministerium f\u00fcr Kultur und Wissenschaft des Landes Nordrhein Westfalen, V\u00f6lklinger Stra\u00dfe 49, 40221 D\u00fcsseldorf.<\/p><\/div><\/div><\/div><div class=\"elementor-element elementor-element-04b738a elementor-widget elementor-widget-heading\" data-id=\"04b738a\" data-element_type=\"widget\" data-widget_type=\"heading.default\"><div class=\"elementor-widget-container\"><h2 class=\"elementor-heading-title elementor-size-default\">Umsatzsteuer-Identifikationsnummer<\/h2><\/div><\/div><div class=\"elementor-element elementor-element-7133d0b elementor-widget elementor-widget-text-editor\" data-id=\"7133d0b\" data-element_type=\"widget\" data-widget_type=\"text-editor.default\"><div class=\"elementor-widget-container\"><div class=\"elementor-text-editor elementor-clearfix\"><p>Gem\u00e4\u00df \u00a7 27 a Umsatzsteuergesetz: DE 121689807<\/p><\/div><\/div><\/div><div class=\"elementor-element elementor-element-196d83e elementor-widget elementor-widget-heading\" data-id=\"196d83e\" data-element_type=\"widget\" data-widget_type=\"heading.default\"><div class=\"elementor-widget-container\"><h2 class=\"elementor-heading-title elementor-size-default\">Inhaltliche Verantwortlichkeit<\/h2><\/div><\/div><div class=\"elementor-element elementor-element-b1cf4f8 elementor-widget elementor-widget-text-editor\" data-id=\"b1cf4f8\" data-element_type=\"widget\" data-widget_type=\"text-editor.default\"><div class=\"elementor-widget-container\"><div class=\"elementor-text-editor elementor-clearfix\"><p>Leon Filser<br \/>Telefon:\u00a0<a href=\"http:\/\/tel:+49%20241%2080%2025279\/\">+49 241 80 25279<\/a><br \/>E-Mail:\u00a0<a href=\"mailto:filser@lfi.rwth-aachen.de\">filser@lfi.rwth-aachen.de<\/a><br \/>E-Mail IT-Abteilung:\u00a0<a href=\"mailto:it@lfi.rwth-aachen.de\">it@lfi.rwth-aachen.de<\/a><\/p><\/div><\/div><\/div>\t\t\t\t\t\t<\/div>\n\t\t\t\t<\/div>\n\t\t\t\t\t<\/div>\n\t\t<\/div>\n\t\t\t\t\t<\/div>\n\t\t<\/section>\n\t\t\t\t<\/div>\n\t\t","protected":false},"excerpt":{"rendered":"<p>Impressum Herausgeber Lehr- und Forschungsgebiet IngenieurhydrologieRWTH Aachen University Mies-van-der-Rohe-Stra\u00dfe 1752074 Aachen (Hausanschrift) Telefon:\u00a0+49 241 80 25279Telefax: +49 241 80 22701E-Mail:\u00a0it@rwth-aachen.de Das Lehr- und Forschungsgebiet Ingenieurhydrologie ist eine K\u00f6rperschaft des \u00f6ffentlichen Rechts. Zust\u00e4ndige Aufsichtsbeh\u00f6rde Ministerium f\u00fcr Kultur und Wissenschaft des Landes Nordrhein Westfalen, V\u00f6lklinger Stra\u00dfe 49, 40221 D\u00fcsseldorf. Umsatzsteuer-Identifikationsnummer Gem\u00e4\u00df \u00a7 27 a Umsatzsteuergesetz: DE 121689807 [&hellip;]<\/p>\n","protected":false},"author":1,"featured_media":0,"parent":0,"menu_order":0,"comment_status":"closed","ping_status":"closed","template":"","meta":{"footnotes":""},"class_list":["post-552","page","type-page","status-publish","hentry"],"_links":{"self":[{"href":"https:\/\/myscore.lfi.rwth-aachen.de\/de\/wp-json\/wp\/v2\/pages\/552","targetHints":{"allow":["GET"]}}],"collection":[{"href":"https:\/\/myscore.lfi.rwth-aachen.de\/de\/wp-json\/wp\/v2\/pages"}],"about":[{"href":"https:\/\/myscore.lfi.rwth-aachen.de\/de\/wp-json\/wp\/v2\/types\/page"}],"author":[{"embeddable":true,"href":"https:\/\/myscore.lfi.rwth-aachen.de\/de\/wp-json\/wp\/v2\/users\/1"}],"replies":[{"embeddable":true,"href":"https:\/\/myscore.lfi.rwth-aachen.de\/de\/wp-json\/wp\/v2\/comments?post=552"}],"version-history":[{"count":10,"href":"https:\/\/myscore.lfi.rwth-aachen.de\/de\/wp-json\/wp\/v2\/pages\/552\/revisions"}],"predecessor-version":[{"id":2882,"href":"https:\/\/myscore.lfi.rwth-aachen.de\/de\/wp-json\/wp\/v2\/pages\/552\/revisions\/2882"}],"wp:attachment":[{"href":"https:\/\/myscore.lfi.rwth-aachen.de\/de\/wp-json\/wp\/v2\/media?parent=552"}],"curies":[{"name":"wp","href":"https:\/\/api.w.org\/{rel}","templated":true}]}}