{"id":2624,"date":"2024-03-04T11:01:30","date_gmt":"2024-03-04T10:01:30","guid":{"rendered":"https:\/\/vredu.lfi.rwth-aachen.de\/?page_id=2624"},"modified":"2026-04-08T13:31:26","modified_gmt":"2026-04-08T11:31:26","slug":"where-to-go-from-here","status":"publish","type":"page","link":"https:\/\/myscore.lfi.rwth-aachen.de\/de\/where-to-go-from-here\/","title":{"rendered":"Where to go from here?"},"content":{"rendered":"\t\t<div data-elementor-type=\"wp-page\" data-elementor-id=\"2624\" class=\"elementor elementor-2624\" data-elementor-post-type=\"page\">\n\t\t\t\t\t\t<section class=\"elementor-section elementor-top-section elementor-element elementor-element-9afcaf1 elementor-section-height-min-height elementor-section-boxed elementor-section-height-default elementor-section-items-middle\" data-id=\"9afcaf1\" data-element_type=\"section\" data-settings=\"{&quot;background_background&quot;:&quot;classic&quot;}\">\n\t\t\t\t\t\t<div class=\"elementor-container elementor-column-gap-default\">\n\t\t\t\t\t<div class=\"elementor-column elementor-col-100 elementor-top-column elementor-element elementor-element-1aaa9b1\" data-id=\"1aaa9b1\" data-element_type=\"column\">\n\t\t\t<div class=\"elementor-widget-wrap elementor-element-populated\">\n\t\t\t\t\t\t<div class=\"elementor-element elementor-element-78d331f elementor-widget elementor-widget-heading\" data-id=\"78d331f\" data-element_type=\"widget\" data-widget_type=\"heading.default\">\n\t\t\t\t<div class=\"elementor-widget-container\">\n\t\t\t<h1 class=\"elementor-heading-title elementor-size-default\">Where to go from here?<\/h1>\t\t<\/div>\n\t\t\t\t<\/div>\n\t\t\t\t\t<\/div>\n\t\t<\/div>\n\t\t\t\t\t<\/div>\n\t\t<\/section>\n\t\t\t\t<section class=\"elementor-section elementor-top-section elementor-element elementor-element-cc9c4d8 elementor-section-boxed elementor-section-height-default elementor-section-height-default\" data-id=\"cc9c4d8\" data-element_type=\"section\">\n\t\t\t\t\t\t<div class=\"elementor-container elementor-column-gap-default\">\n\t\t\t\t\t<div class=\"elementor-column elementor-col-100 elementor-top-column elementor-element elementor-element-124ab60\" data-id=\"124ab60\" data-element_type=\"column\">\n\t\t\t<div class=\"elementor-widget-wrap elementor-element-populated\">\n\t\t\t\t\t\t<div class=\"elementor-element elementor-element-0794898 elementor-widget elementor-widget-heading\" data-id=\"0794898\" data-element_type=\"widget\" data-widget_type=\"heading.default\">\n\t\t\t\t<div class=\"elementor-widget-container\">\n\t\t\t<h2 class=\"elementor-heading-title elementor-size-default\">Von MyScore \u00fcber das AnyVR Framework zur AnywhereAcademy<\/h2>\t\t<\/div>\n\t\t\t\t<\/div>\n\t\t\t\t<div class=\"elementor-element elementor-element-1bebf14 elementor-widget elementor-widget-text-editor\" data-id=\"1bebf14\" data-element_type=\"widget\" data-widget_type=\"text-editor.default\">\n\t\t\t\t<div class=\"elementor-widget-container\">\n\t\t\t\t\t\t\t<p>Unsere Reise mit virtueller Realit\u00e4t (VR) in der Hochschullehre begann mit der <b>MyScore<\/b> Plattform, die eine sinnvolle Zusammenarbeit im Hochschulbereich erm\u00f6glichen und die VR-basierte Lehr- und Lernkonzepte erm\u00f6glichen und unterst\u00fctzen sollte. Im Laufe der Entwicklungs- und Anwendungsjahre wuchs unsere Open Source VR-Software MyScore, die urspr\u00fcnglich f\u00fcr den DAAD mit Mitteln des BMBF finanziert wurde, betr\u00e4chtlich. Sie erhielt vielf\u00e4ltige Anwendungsszenarien und unterst\u00fctzt heute eine breite Palette von Endger\u00e4ten. Dieses Wachstum brachte jedoch auch Herausforderungen mit sich, insbesondere im Hinblick auf die Aufrechterhaltung der Plattformkompatibilit\u00e4t und die Bereitstellung eines einheitlichen Benutzererlebnisses auf allen Ger\u00e4ten. Gleichzeitig war MyScore nicht ideal f\u00fcr die Zusammenarbeit im Sinne einer Open Source-Entwicklung, da es f\u00fcr Externe schwierig war sich aktiv an einer Codeentwicklung zu beteiligen.<\/p><p>Mit unserer neuen Open Source VR-Plattform, die unter dem Namen <a href=\"https:\/\/anywhere.academy\/\" target=\"_blank\" rel=\"noopener\"><b>Anywhere Academy<\/b><\/a> l\u00e4uft, wollen wir neue Herausforderungen angehen und eine flexiblere und gleichzeitig zug\u00e4nglichere L\u00f6sung einf\u00fchren. Unsere Kernanforderungen an Anywhere Academy umfassen:<\/p><p><b>Webbasierter Zugang:<\/b> Eine webbasierte Version von Anywhere Academy wird einen nahtlosen Zugang \u00fcber verschiedene Ger\u00e4te gew\u00e4hrleisten und bestehende Einstiegsh\u00fcrden abbauen.<\/p><p><b>Breite Plattform-Unterst\u00fctzung:<\/b> Wir beabsichtigen, alle g\u00e4ngigen Standalone- und Tethered-VR-Headsets sowie Desktop- und mobile Endger\u00e4te zu unterst\u00fctzen, um ein breites Spektrum an Nutzern und Vorlieben zu bedienen.<\/p><p><b>Einfache kollaborative Entwicklung:<\/b> Anywhere Academy wird von Grund auf so konzipiert, dass es offen f\u00fcr Zusammenarbeit ist, mit klarer Dokumentation sowie gut definierten Schnittstellen. Dies wird es einer breiteren Gemeinschaft von Entwicklern*innen und Lehrenden erm\u00f6glichen, zum Wachstum und der Weiterentwicklung der Plattform beizutragen.<\/p><p>Unser bisheriger Ansatz mit MyScore, einer monolithischen Software, f\u00fchrte leider mit der Zeit zu Einschr\u00e4nkungen bei der Flexibilit\u00e4t und Individualisierbarkeit. Potenzielle Benutzer waren oft an bestimmten Szenarien oder Funktionen interessiert und nicht an der gesamten Funktionspalette der Plattform. Um dieses Problem zu l\u00f6sen, wird die Anywhere Academy einen modularen Ansatz verfolgen, der die VR-Kernfunktionalit\u00e4ten von den eigentlichen Inhalten trennt.<\/p><p>Diese Trennung wird es uns erm\u00f6glichen, ein leichtgewichtiges und flexibles Framework, das <b>AnyVR Framework<\/b>, zu entwickeln, das die Grundlage der Anywhere Academy bilden wird und das als Open Source auf GitHub \u00f6ffentlich zug\u00e4nglich gemacht wird. Wir werden es mit der Gnu General Public License (3 oder neuer) lizenzieren, um sicherzustellen, dass alle Entwicklungen, die daraus entstehen, f\u00fcr immer offen und frei bleiben. Das AnyVR Framework wird wesentliche Funktionen wie Benutzerinteraktionen, Multiuser-Zusammenarbeit und -Kommunikation bereitstellen. Es wird auch den Code f\u00fcr die notwendigen dedizierten Server beinhalten, die auf jedem Linux-Server gehostet werden kann.<\/p><p>Auf diese Weise erm\u00f6glicht das AnyVR Framework eine einfache Realisierung einer Multiuser-VR-Anwendung, so dass sich die Anwender*innen auf die Entwicklung der VR-Szenarien konzentrieren k\u00f6nnen. Diese modulare Architektur wird es uns erm\u00f6glichen, Inhalte individueller auf bestimmte Bereiche und Interessen zuzuschneiden und so ein breiteres Spektrum von Nutzenden anzusprechen.<\/p><p>Mit diesem Framework und dem Ziel, das Potenzial von Virtual Reality f\u00fcr die Hochschullehre auszubauen, werden wir in der kommenden Zeit Anywhere Academy auf der Grundlage von AnyVR implementieren. Wir werden das AnyVR Framework mit einem ma\u00dfgeschneiderten Avatarsystem und mehreren KI-Assistenz-Tools erweitern, um personalisierte, flie\u00dfende und immersive Interaktionen innerhalb der VR-Umgebung zu erm\u00f6glichen.<\/p><p>Um unsere Ziele f\u00fcr die Anywhere Academy zu erreichen, bauen wir eine neue zukunftsf\u00e4hige Software-Architektur, nutzen gut gestaltete Software-Schnittstellen sowie innovative Automatisierungstechniken. Wir sind zuversichtlich, dass wir mit diesen Prinzipien eine vielseitige und zug\u00e4ngliche VR-Plattform schaffen k\u00f6nnen, die einen wertvollen Beitrag zur weiteren Steigerung der Qualit\u00e4t der VR-basierten Lehre leisten wird.<\/p><p>Lassen Sie sich vom <b>AnyVR Framework<\/b> und der <b><a href=\"https:\/\/anywhere.academy\/\" target=\"_blank\" rel=\"noopener\">Anywhere Academy<\/a> Plattform<\/b> \u00fcberraschen!<\/p>\t\t\t\t\t\t<\/div>\n\t\t\t\t<\/div>\n\t\t\t\t\t<\/div>\n\t\t<\/div>\n\t\t\t\t\t<\/div>\n\t\t<\/section>\n\t\t\t\t<\/div>\n\t\t","protected":false},"excerpt":{"rendered":"<p>Where to go from here? Von MyScore \u00fcber das AnyVR Framework zur AnywhereAcademy Unsere Reise mit virtueller Realit\u00e4t (VR) in der Hochschullehre begann mit der MyScore Plattform, die eine sinnvolle Zusammenarbeit im Hochschulbereich erm\u00f6glichen und die VR-basierte Lehr- und Lernkonzepte erm\u00f6glichen und unterst\u00fctzen sollte. Im Laufe der Entwicklungs- und Anwendungsjahre wuchs unsere Open Source VR-Software [&hellip;]<\/p>\n","protected":false},"author":1,"featured_media":0,"parent":0,"menu_order":0,"comment_status":"closed","ping_status":"closed","template":"","meta":{"footnotes":""},"class_list":["post-2624","page","type-page","status-publish","hentry"],"_links":{"self":[{"href":"https:\/\/myscore.lfi.rwth-aachen.de\/de\/wp-json\/wp\/v2\/pages\/2624","targetHints":{"allow":["GET"]}}],"collection":[{"href":"https:\/\/myscore.lfi.rwth-aachen.de\/de\/wp-json\/wp\/v2\/pages"}],"about":[{"href":"https:\/\/myscore.lfi.rwth-aachen.de\/de\/wp-json\/wp\/v2\/types\/page"}],"author":[{"embeddable":true,"href":"https:\/\/myscore.lfi.rwth-aachen.de\/de\/wp-json\/wp\/v2\/users\/1"}],"replies":[{"embeddable":true,"href":"https:\/\/myscore.lfi.rwth-aachen.de\/de\/wp-json\/wp\/v2\/comments?post=2624"}],"version-history":[{"count":73,"href":"https:\/\/myscore.lfi.rwth-aachen.de\/de\/wp-json\/wp\/v2\/pages\/2624\/revisions"}],"predecessor-version":[{"id":3441,"href":"https:\/\/myscore.lfi.rwth-aachen.de\/de\/wp-json\/wp\/v2\/pages\/2624\/revisions\/3441"}],"wp:attachment":[{"href":"https:\/\/myscore.lfi.rwth-aachen.de\/de\/wp-json\/wp\/v2\/media?parent=2624"}],"curies":[{"name":"wp","href":"https:\/\/api.w.org\/{rel}","templated":true}]}}